{"id":1650,"date":"2021-12-06T10:59:32","date_gmt":"2021-12-06T11:59:32","guid":{"rendered":"https:\/\/varziran.com\/en\/?page_id=1650"},"modified":"2022-07-14T04:03:31","modified_gmt":"2022-07-14T04:03:31","slug":"bituseal-pipe-coating-system","status":"publish","type":"page","link":"https:\/\/varziran.com\/en\/bituseal-pipe-coating-system\/","title":{"rendered":"Bituseal\u00ae Pipe Coating System"},"content":{"rendered":"<p>[vc_row wrap_container=&#8221;yes&#8221;][vc_column][vc_empty_space][vc_column_text]Bituseal<sup>\u00ae<\/sup> is a coating on the outer surface of steel pipes based on petroleum-based bitumen modified with polymeric materials, which is the result of extensive and long-term research by the Danish oil companies Shell and Phoenix. One of the most important features of this coating is self-healing ability.[\/vc_column_text][\/vc_column][\/vc_row][vc_row wrap_container=&#8221;yes&#8221;][vc_column][vc_tta_tabs style=&#8221;modern&#8221; color=&#8221;juicy-pink&#8221; alignment=&#8221;right&#8221; active_section=&#8221;1&#8243;][vc_tta_section title=&#8221;Bituseal\u00ae Enamel&#8221; tab_id=&#8221;1637136514610-6c818257-e3f2&#8243;][vc_row_inner][vc_column_inner width=&#8221;1\/3&#8243;][vc_single_image image=&#8221;492&#8243; img_size=&#8221;full&#8221;][\/vc_column_inner][vc_column_inner width=&#8221;2\/3&#8243;][vc_column_text]Production of bituminous enamel is based on bitumen modified with polymers, which promotes the unique properties and characteristics of this product; Properties such as flexibility, adhesion and high durability. This product has been used to protect pipelines against corrosion in many projects. Salafchegan Pipe and Coating Production Companies and Mahshahr Pipe Coating Production Company are the main operators of this pipe coating system.[\/vc_column_text][vc_btn title=&#8221;Download technical specifications&#8221; style=&#8221;3d&#8221; shape=&#8221;rounded&#8221; color=&#8221;juicy-pink&#8221; size=&#8221;xl&#8221; i_icon_fontawesome=&#8221;far fa-file-pdf&#8221; add_icon=&#8221;true&#8221; link=&#8221;url:https%3A%2F%2Fvarziran.com%2Fen%2Fwp-content%2Fuploads%2F2021%2F08%2Fbituseal-enamel.pdf|target:_blank&#8221;][\/vc_column_inner][\/vc_row_inner][\/vc_tta_section][vc_tta_section title=&#8221;Bituseal\u00aePrimer&#8221; tab_id=&#8221;1637136636680-c84ac1f0-2d36&#8243;][vc_row_inner][vc_column_inner width=&#8221;1\/3&#8243;][vc_single_image image=&#8221;501&#8243; img_size=&#8221;full&#8221;][\/vc_column_inner][vc_column_inner width=&#8221;2\/3&#8243;][vc_column_text]In the pipe coating industry, insulation primer is used to increase the adhesion of coatings such as enamel Bitumen and enamel Bituseal<sup>\u00ae<\/sup> sprayed to the surface of metal pipes.<\/p>\n<p>Bituseal<sup>\u00ae<\/sup> Primer by Varziran Company is offered in 20 liter gallons.<\/p>\n<p>Bituseal<sup>\u00ae<\/sup> Primer produced by Varziran Company is a kind of artificial primer whose formulation is fully compatible with the coating of enamel Bituseal<sup>\u00ae<\/sup> pipe and Bituseal<sup>\u00ae<\/sup> membrane welding tape. To increase the adhesion of the insulation to the metal surface during the placement of the Bituseal<sup>\u00ae<\/sup> pipe coating on the pipe.<\/p>\n<p>Given that the primer is a flammable substance, how it is packaged and transported is important.[\/vc_column_text][vc_btn title=&#8221;Download technical specifications&#8221; style=&#8221;3d&#8221; shape=&#8221;rounded&#8221; color=&#8221;juicy-pink&#8221; link=&#8221;url:https%3A%2F%2Fvarziran.com%2Fen%2Fwp-content%2Fuploads%2F2022%2F01%2Fbituseal-primer.pdf|target:_blank&#8221;][\/vc_column_inner][\/vc_row_inner][\/vc_tta_section][vc_tta_section title=&#8221;Bituseal\u00ae Outerwrap&#8221; tab_id=&#8221;1638784117381-10e7e8b1-bd6f&#8221;][vc_row_inner][vc_column_inner width=&#8221;1\/3&#8243;][vc_single_image image=&#8221;556&#8243; img_size=&#8221;full&#8221;][\/vc_column_inner][vc_column_inner width=&#8221;2\/3&#8243;][vc_column_text]Bituseal<sup>\u00ae <\/sup>outerwrap is a glass fiber reinforced with polyester mesh. This type of Tape, which is used in insulation of steel pipes, is impregnated with polymer-modified petroleum-based bitumen materials to be compatible with Bituseal<sup>\u00ae<\/sup> pipe coating system.<\/p>\n<p>Bituseal<sup>\u00ae <\/sup>outerwrap, a product of Varziran company, is used in insulation halls of steel pipe coating companies and for installation on Bituseal<sup>\u00ae<\/sup> pipe coating.<\/p>\n<p>In the pipe coating industry, this product is used for the top layer of Bituseal<sup>\u00ae<\/sup> coating on the outer surface of steel pipes. And it makes the cover cohesive and protects it.<\/p>\n<p>Bituseal<sup>\u00ae <\/sup>outerwrap is a product composed of glass fiber impregnated with petroleum-based materials modified for mechanical protection of enamel bitumen coating. Bitumen surface tape is one of the components of bitumen pipe coating which is used for physical protection of bitumen pipe coating and is produced in Varziran company in the following types of sizes:<\/p>\n<p>4 \u00d7 800, 8 \u00d7 800, 12 \u00d7 800, 18 \u00d7 800<\/p>\n<p>[\/vc_column_text][vc_btn title=&#8221;Download technical specifications&#8221; style=&#8221;3d&#8221; shape=&#8221;rounded&#8221; color=&#8221;juicy-pink&#8221; link=&#8221;url:https%3A%2F%2Fvarziran.com%2Fen%2Fwp-content%2Fuploads%2F2022%2F01%2Fbituseal-outerwrap.pdf|target:_blank&#8221;][\/vc_column_inner][\/vc_row_inner][\/vc_tta_section][vc_tta_section title=&#8221;Bituseal\u00ae Membrane&#8221; tab_id=&#8221;1638791890798-c69fe971-b8ff&#8221;][vc_row_inner][vc_column_inner width=&#8221;1\/3&#8243;][vc_single_image image=&#8221;540&#8243; img_size=&#8221;full&#8221;][\/vc_column_inner][vc_column_inner width=&#8221;2\/3&#8243;][vc_column_text]Bituseal<sup>\u00ae <\/sup>Membrane is used to insulate the welding spot and connect the pipes to each other. Covering the welded joints makes the whole pipeline uniformly protected against corrosion and physical factors.<\/p>\n<p>Varziran Bituseal<sup>\u00ae <\/sup>Membrane is compatible with a wide range of pipe coatings.<\/p>\n<p>In steel pipelines, welds are the most vulnerable points to corrosion, so to ensure the protection of entire pipeline, it is very important to choose a welded coating that is qualitatively and technically compatible with the main pipe coating.<\/p>\n<p>Bituseal<sup>\u00ae <\/sup>Membrane, applied at the weld site of the steel pipe, integrates the Bituseal<sup>\u00ae <\/sup>coating throughout the pipeline and facilitates cathodic protection of the entire pipeline. This product is produced as a Tape to cover the welded steel pipe and to repair the outer surface of the steel pipe as a patch, which in addition to the Bituseal<sup>\u00ae<\/sup> coating system is also compatible with the bituminous coating.<\/p>\n<p>Varziran Bituseal<sup>\u00ae<\/sup>membrane adhesive tape has elasticity, self-healing, excellent adhesion, high resistance to induced cathodic protection current and ground pressure and high impact resistance even at temperatures below zero degrees Celsius.<\/p>\n<p>Bituseal<sup>\u00ae <\/sup>Membrane Varziran has self-healing properties.<\/p>\n<p>Bituseal<sup>\u00ae<\/sup> Membrane is technically and economically a unique and superior adhesive coating that in addition to Bituseal<sup>\u00ae<\/sup> system is compatible with various types of pipe coatings such as three-layer polyethylene, polypropylene, epoxy powder coating, enamel bitumen coating and enamel coal tar coating.<\/p>\n<p>The self-healing property of Bituseal welding tape is such that after removing the physical and mechanical force applied to the coating, the deformation returns to its original state. In this way, scratches and cuts on the cover tape are repaired after removing the force.[\/vc_column_text][vc_btn title=&#8221;Download technical specifications&#8221; style=&#8221;3d&#8221; shape=&#8221;rounded&#8221; color=&#8221;juicy-pink&#8221; link=&#8221;url:https%3A%2F%2Fvarziran.com%2Fen%2Fwp-content%2Fuploads%2F2022%2F01%2Fbituseal-membrane.pdf|target:_blank&#8221;][\/vc_column_inner][\/vc_row_inner][\/vc_tta_section][\/vc_tta_tabs][\/vc_column][\/vc_row]<\/p>\n","protected":false},"excerpt":{"rendered":"<p>[vc_row wrap_container=&#8221;yes&#8221;][vc_column][vc_empty_space][vc_column_text]Bituseal\u00ae is a coating on the outer surface of steel pipes based on petroleum-based bitumen modified with polymeric materials, which is the result of extensive and long-term research by the Danish oil companies Shell and Phoenix. One of the most important features of this coating is self-healing ability.[\/vc_column_text][\/vc_column][\/vc_row][vc_row wrap_container=&#8221;yes&#8221;][vc_column][vc_tta_tabs style=&#8221;modern&#8221; color=&#8221;juicy-pink&#8221; alignment=&#8221;right&#8221; active_section=&#8221;1&#8243;][vc_tta_section title=&#8221;Bituseal\u00ae [&hellip;]<\/p>\n","protected":false},"author":1,"featured_media":0,"parent":0,"menu_order":0,"comment_status":"closed","ping_status":"closed","template":"","meta":{"footnotes":""},"class_list":["post-1650","page","type-page","status-publish","hentry"],"yoast_head":"<!-- This site is optimized with the Yoast SEO plugin v23.4 - https:\/\/yoast.com\/wordpress\/plugins\/seo\/ -->\n<title>Bituseal\u00ae Pipe Coating System - Varziran Company<\/title>\n<meta name=\"robots\" content=\"index, follow, max-snippet:-1, max-image-preview:large, max-video-preview:-1\" \/>\n<link rel=\"canonical\" href=\"https:\/\/varziran.com\/en\/bituseal-pipe-coating-system\/\" \/>\n<meta property=\"og:locale\" content=\"en_US\" \/>\n<meta property=\"og:type\" content=\"article\" \/>\n<meta property=\"og:title\" content=\"Bituseal\u00ae Pipe Coating System - Varziran Company\" \/>\n<meta property=\"og:description\" content=\"[vc_row wrap_container=&#8221;yes&#8221;][vc_column][vc_empty_space][vc_column_text]Bituseal\u00ae is a coating on the outer surface of steel pipes based on petroleum-based bitumen modified with polymeric materials, which is the result of extensive and long-term research by the Danish oil companies Shell and Phoenix. One of the most important features of this coating is self-healing ability.[\/vc_column_text][\/vc_column][\/vc_row][vc_row wrap_container=&#8221;yes&#8221;][vc_column][vc_tta_tabs style=&#8221;modern&#8221; color=&#8221;juicy-pink&#8221; alignment=&#8221;right&#8221; active_section=&#8221;1&#8243;][vc_tta_section title=&#8221;Bituseal\u00ae [&hellip;]\" \/>\n<meta property=\"og:url\" content=\"https:\/\/varziran.com\/en\/bituseal-pipe-coating-system\/\" \/>\n<meta property=\"og:site_name\" content=\"Varziran Company\" \/>\n<meta property=\"article:modified_time\" content=\"2022-07-14T04:03:31+00:00\" \/>\n<meta name=\"twitter:card\" content=\"summary_large_image\" \/>\n<meta name=\"twitter:label1\" content=\"Est. reading time\" \/>\n\t<meta name=\"twitter:data1\" content=\"4 minutes\" \/>\n<script type=\"application\/ld+json\" class=\"yoast-schema-graph\">{\"@context\":\"https:\/\/schema.org\",\"@graph\":[{\"@type\":\"WebPage\",\"@id\":\"https:\/\/varziran.com\/en\/bituseal-pipe-coating-system\/\",\"url\":\"https:\/\/varziran.com\/en\/bituseal-pipe-coating-system\/\",\"name\":\"Bituseal\u00ae Pipe Coating System - Varziran Company\",\"isPartOf\":{\"@id\":\"https:\/\/varziran.com\/en\/#website\"},\"datePublished\":\"2021-12-06T11:59:32+00:00\",\"dateModified\":\"2022-07-14T04:03:31+00:00\",\"breadcrumb\":{\"@id\":\"https:\/\/varziran.com\/en\/bituseal-pipe-coating-system\/#breadcrumb\"},\"inLanguage\":\"en-US\",\"potentialAction\":[{\"@type\":\"ReadAction\",\"target\":[\"https:\/\/varziran.com\/en\/bituseal-pipe-coating-system\/\"]}]},{\"@type\":\"BreadcrumbList\",\"@id\":\"https:\/\/varziran.com\/en\/bituseal-pipe-coating-system\/#breadcrumb\",\"itemListElement\":[{\"@type\":\"ListItem\",\"position\":1,\"name\":\"\u062e\u0627\u0646\u0647\",\"item\":\"https:\/\/varziran.com\/en\/\"},{\"@type\":\"ListItem\",\"position\":2,\"name\":\"Bituseal\u00ae Pipe Coating System\"}]},{\"@type\":\"WebSite\",\"@id\":\"https:\/\/varziran.com\/en\/#website\",\"url\":\"https:\/\/varziran.com\/en\/\",\"name\":\"Varziran Company\",\"description\":\"\",\"publisher\":{\"@id\":\"https:\/\/varziran.com\/en\/#organization\"},\"potentialAction\":[{\"@type\":\"SearchAction\",\"target\":{\"@type\":\"EntryPoint\",\"urlTemplate\":\"https:\/\/varziran.com\/en\/?s={search_term_string}\"},\"query-input\":{\"@type\":\"PropertyValueSpecification\",\"valueRequired\":true,\"valueName\":\"search_term_string\"}}],\"inLanguage\":\"en-US\"},{\"@type\":\"Organization\",\"@id\":\"https:\/\/varziran.com\/en\/#organization\",\"name\":\"\u0648\u0631\u0632\u06cc\u0631\u0627\u0646\",\"url\":\"https:\/\/varziran.com\/en\/\",\"logo\":{\"@type\":\"ImageObject\",\"inLanguage\":\"en-US\",\"@id\":\"https:\/\/varziran.com\/en\/#\/schema\/logo\/image\/\",\"url\":\"https:\/\/varziran.com\/en\/wp-content\/uploads\/2021\/08\/Logo.png\",\"contentUrl\":\"https:\/\/varziran.com\/en\/wp-content\/uploads\/2021\/08\/Logo.png\",\"width\":100,\"height\":100,\"caption\":\"\u0648\u0631\u0632\u06cc\u0631\u0627\u0646\"},\"image\":{\"@id\":\"https:\/\/varziran.com\/en\/#\/schema\/logo\/image\/\"}}]}<\/script>\n<!-- \/ Yoast SEO plugin. -->","yoast_head_json":{"title":"Bituseal\u00ae Pipe Coating System - Varziran Company","robots":{"index":"index","follow":"follow","max-snippet":"max-snippet:-1","max-image-preview":"max-image-preview:large","max-video-preview":"max-video-preview:-1"},"canonical":"https:\/\/varziran.com\/en\/bituseal-pipe-coating-system\/","og_locale":"en_US","og_type":"article","og_title":"Bituseal\u00ae Pipe Coating System - Varziran Company","og_description":"[vc_row wrap_container=&#8221;yes&#8221;][vc_column][vc_empty_space][vc_column_text]Bituseal\u00ae is a coating on the outer surface of steel pipes based on petroleum-based bitumen modified with polymeric materials, which is the result of extensive and long-term research by the Danish oil companies Shell and Phoenix. One of the most important features of this coating is self-healing ability.[\/vc_column_text][\/vc_column][\/vc_row][vc_row wrap_container=&#8221;yes&#8221;][vc_column][vc_tta_tabs style=&#8221;modern&#8221; color=&#8221;juicy-pink&#8221; alignment=&#8221;right&#8221; active_section=&#8221;1&#8243;][vc_tta_section title=&#8221;Bituseal\u00ae [&hellip;]","og_url":"https:\/\/varziran.com\/en\/bituseal-pipe-coating-system\/","og_site_name":"Varziran Company","article_modified_time":"2022-07-14T04:03:31+00:00","twitter_card":"summary_large_image","twitter_misc":{"Est. reading time":"4 minutes"},"schema":{"@context":"https:\/\/schema.org","@graph":[{"@type":"WebPage","@id":"https:\/\/varziran.com\/en\/bituseal-pipe-coating-system\/","url":"https:\/\/varziran.com\/en\/bituseal-pipe-coating-system\/","name":"Bituseal\u00ae Pipe Coating System - Varziran Company","isPartOf":{"@id":"https:\/\/varziran.com\/en\/#website"},"datePublished":"2021-12-06T11:59:32+00:00","dateModified":"2022-07-14T04:03:31+00:00","breadcrumb":{"@id":"https:\/\/varziran.com\/en\/bituseal-pipe-coating-system\/#breadcrumb"},"inLanguage":"en-US","potentialAction":[{"@type":"ReadAction","target":["https:\/\/varziran.com\/en\/bituseal-pipe-coating-system\/"]}]},{"@type":"BreadcrumbList","@id":"https:\/\/varziran.com\/en\/bituseal-pipe-coating-system\/#breadcrumb","itemListElement":[{"@type":"ListItem","position":1,"name":"\u062e\u0627\u0646\u0647","item":"https:\/\/varziran.com\/en\/"},{"@type":"ListItem","position":2,"name":"Bituseal\u00ae Pipe Coating System"}]},{"@type":"WebSite","@id":"https:\/\/varziran.com\/en\/#website","url":"https:\/\/varziran.com\/en\/","name":"Varziran Company","description":"","publisher":{"@id":"https:\/\/varziran.com\/en\/#organization"},"potentialAction":[{"@type":"SearchAction","target":{"@type":"EntryPoint","urlTemplate":"https:\/\/varziran.com\/en\/?s={search_term_string}"},"query-input":{"@type":"PropertyValueSpecification","valueRequired":true,"valueName":"search_term_string"}}],"inLanguage":"en-US"},{"@type":"Organization","@id":"https:\/\/varziran.com\/en\/#organization","name":"\u0648\u0631\u0632\u06cc\u0631\u0627\u0646","url":"https:\/\/varziran.com\/en\/","logo":{"@type":"ImageObject","inLanguage":"en-US","@id":"https:\/\/varziran.com\/en\/#\/schema\/logo\/image\/","url":"https:\/\/varziran.com\/en\/wp-content\/uploads\/2021\/08\/Logo.png","contentUrl":"https:\/\/varziran.com\/en\/wp-content\/uploads\/2021\/08\/Logo.png","width":100,"height":100,"caption":"\u0648\u0631\u0632\u06cc\u0631\u0627\u0646"},"image":{"@id":"https:\/\/varziran.com\/en\/#\/schema\/logo\/image\/"}}]}},"_links":{"self":[{"href":"https:\/\/varziran.com\/en\/wp-json\/wp\/v2\/pages\/1650","targetHints":{"allow":["GET"]}}],"collection":[{"href":"https:\/\/varziran.com\/en\/wp-json\/wp\/v2\/pages"}],"about":[{"href":"https:\/\/varziran.com\/en\/wp-json\/wp\/v2\/types\/page"}],"author":[{"embeddable":true,"href":"https:\/\/varziran.com\/en\/wp-json\/wp\/v2\/users\/1"}],"replies":[{"embeddable":true,"href":"https:\/\/varziran.com\/en\/wp-json\/wp\/v2\/comments?post=1650"}],"version-history":[{"count":6,"href":"https:\/\/varziran.com\/en\/wp-json\/wp\/v2\/pages\/1650\/revisions"}],"predecessor-version":[{"id":1707,"href":"https:\/\/varziran.com\/en\/wp-json\/wp\/v2\/pages\/1650\/revisions\/1707"}],"wp:attachment":[{"href":"https:\/\/varziran.com\/en\/wp-json\/wp\/v2\/media?parent=1650"}],"curies":[{"name":"wp","href":"https:\/\/api.w.org\/{rel}","templated":true}]}}