{"id":1655,"date":"2021-12-06T11:12:40","date_gmt":"2021-12-06T12:12:40","guid":{"rendered":"https:\/\/varziran.com\/en\/?page_id=1655"},"modified":"2022-07-14T04:26:48","modified_gmt":"2022-07-14T04:26:48","slug":"bituminous-pipe-coating-system","status":"publish","type":"page","link":"https:\/\/varziran.com\/en\/bituminous-pipe-coating-system\/","title":{"rendered":"Bituminous pipe coating system"},"content":{"rendered":"<p>[vc_row wrap_container=&#8221;yes&#8221;][vc_column][vc_empty_space][vc_column_text]bitumen Enamel is an oil-based bitumen obtained from the distillation of crude oil, which is aerated and oxidized in special reactors and modified with minerals so that it can function as a protective material against corrosion of steel pipes in the long term. This coverage is still considered as an option in transmission line projects due to its economic cost and environmental safety.[\/vc_column_text][\/vc_column][\/vc_row][vc_row wrap_container=&#8221;yes&#8221;][vc_column][vc_tta_tabs style=&#8221;modern&#8221; color=&#8221;juicy-pink&#8221; alignment=&#8221;right&#8221; active_section=&#8221;1&#8243;][vc_tta_section title=&#8221;Bitumen Enamel&#8221; tab_id=&#8221;1637136514610-6c818257-e3f2&#8243;][vc_row_inner][vc_column_inner width=&#8221;1\/3&#8243;][vc_single_image image=&#8221;546&#8243; img_size=&#8221;full&#8221;][\/vc_column_inner][vc_column_inner width=&#8221;2\/3&#8243;][vc_column_text]Enamel bitumen is used to cover the outer surface of steel pipes to protect against corrosion. This coating is one of the oldest pipe coatings that is applied on steel pipes in pipe coating companies according to the needs of customers.<\/p>\n<p>The most important feature of bituminous pipe coating is corrosion resistance and economic efficiency. The intensity of soil corrosion around the pipe has no effect on enamel bitumen and this coating is resistant to acids, bases and salts.<\/p>\n<p>The quality of materials of this coating system is in accordance with BS 4147 standard. To apply the enamel bitumen coating on steel pipes and fittings, after cleaning the surface of the pipe and before applying the coating, to create adhesion between the enamel and the surface of the pipe, a synthetic primer is used. Then the inner bitumen strip (Innerwrap) is placed on the pipe for reinforcement and the upper strip for external protection against damage caused by environmental factors. The packaging of this product in Varziran company is in the form of mold and is offered in 1200 kg pallets.[\/vc_column_text][\/vc_column_inner][\/vc_row_inner][\/vc_tta_section][vc_tta_section title=&#8221;SYNTHETIC PRIMER&#8221; tab_id=&#8221;1637136636680-c84ac1f0-2d36&#8243;][vc_row_inner][vc_column_inner width=&#8221;1\/3&#8243;][vc_single_image image=&#8221;552&#8243; img_size=&#8221;full&#8221;][\/vc_column_inner][vc_column_inner width=&#8221;2\/3&#8243;][vc_column_text]Bituminous pipe coating primer is a type of synthetic primer that is used in bituminous pipe coating system.<\/p>\n<p>Bitumen primer produced by Varziran company is offered in 210 liter barrels.<\/p>\n<p>Bitumen insulation primer produced by Varziran company has the ability to dry quickly and the formulation is compatible with the coating of enamel bitumen pipe and causes more adhesion of the coating to the surface of the steel pipe.<\/p>\n<p>Enamel bitumen pipe coating is one of the oldest coatings on the outer surface of steel pipes. This coating continues to be an option in transmission line projects due to its economic efficiency and high protection of pipelines against corrosion and environmental conditions, as well as being safe for the environment. Counts. Enamel bitumen is an oil-based bitumen obtained from the distillation of crude oil, which is oxidized and modified with minerals in the equipped reactors of Varziran Company through aeration.[\/vc_column_text][vc_btn title=&#8221;Download technical specifications&#8221; style=&#8221;3d&#8221; shape=&#8221;rounded&#8221; color=&#8221;juicy-pink&#8221; link=&#8221;url:https%3A%2F%2Fvarziran.com%2Fen%2Fwp-content%2Fuploads%2F2021%2F08%2Fsynthetic-primer.pdf|target:_blank&#8221;][\/vc_column_inner][\/vc_row_inner][\/vc_tta_section][vc_tta_section title=&#8221;outerwrap coating&#8221; tab_id=&#8221;1638784117381-10e7e8b1-bd6f&#8221;][vc_row_inner][vc_column_inner width=&#8221;1\/3&#8243;][vc_single_image image=&#8221;556&#8243; img_size=&#8221;full&#8221;][\/vc_column_inner][vc_column_inner width=&#8221;2\/3&#8243;][vc_column_text]To protect against corrosion, steel pipes used in oil, gas, water and \u0627\u0646\u062a\u0642\u0627\u0644 transmission lines are coated. For this purpose, there are various types of pipe covering systems according to the passage of the pipeline, environmental conditions and the fluid passing through the pipe, each of which has its own advantages. Enamel bitumen pipe coating is one of the oldest coatings on the outer surface of the pipe, which due to its lower cost, is still used for insulation and protection of steel pipes. This coating system has various components and layers, which are as follows: We will describe its top bar.<\/p>\n<p>The top strip of bitumen pipe coating is a product composed of glass fibers impregnated with petroleum-based petroleum-based materials modified for mechanical protection of enamel bitumen coating. Bitumen surface tape is one of the components of bitumen pipe cover which is used for physical protection of bitumen pipe cover and is produced in Varziran company in the following types of sizes:<\/p>\n<p>4 \u00d7 800, 8 \u00d7 800, 12 \u00d7 800, 18 \u00d7 800[\/vc_column_text][vc_btn title=&#8221;Download technical specifications&#8221; style=&#8221;3d&#8221; shape=&#8221;rounded&#8221; color=&#8221;juicy-pink&#8221; link=&#8221;url:https%3A%2F%2Fvarziran.com%2Fen%2Fwp-content%2Fuploads%2F2021%2F08%2Fbitumen-outerwrap.pdf|target:_blank&#8221;][\/vc_column_inner][\/vc_row_inner][\/vc_tta_section][vc_tta_section title=&#8221;Innerwrap coating&#8221; tab_id=&#8221;1638791890798-c69fe971-b8ff&#8221;][vc_row_inner][vc_column_inner width=&#8221;1\/3&#8243;][vc_single_image image=&#8221;572&#8243; img_size=&#8221;full&#8221;][\/vc_column_inner][vc_column_inner width=&#8221;2\/3&#8243;][vc_column_text]To protect against corrosion, steel pipes used in oil, gas, water and transmission lines are coated. For this purpose, there are various types of pipe covering systems according to the passage of the pipeline, environmental conditions and the fluid passing through the pipe, each of which has its own advantages.<\/p>\n<p>Enamel bitumen pipe coating is one of the oldest coatings on the outer surface of the pipe, which due to its lower cost, is still used for insulation and protection of steel pipes. This coating system has various components and layers, which are as follows: We describe the bottom bar.<\/p>\n<p>The bottom strip of bitumen coating is used as a reinforcement layer in the bitumen pipe coating system. This strip is made of fiberglass reinforced with longitudinal strands at a distance of 8 or 16 mm from each other, which is impregnated with molten enamel to increase the adhesion of the enamel bituminous coating on steel pipes. This product is used in the steel pipe coating industry, after cleaning the pipe and priming, as the underlying layer of bituminous pipe coating.[\/vc_column_text][vc_btn title=&#8221;Download technical specifications&#8221; style=&#8221;3d&#8221; shape=&#8221;rounded&#8221; color=&#8221;juicy-pink&#8221; link=&#8221;url:https%3A%2F%2Fvarziran.com%2Fen%2Fwp-content%2Fuploads%2F2021%2F08%2Fbitumen-innerwrap-2.pdf|target:_blank&#8221;][\/vc_column_inner][\/vc_row_inner][\/vc_tta_section][\/vc_tta_tabs][\/vc_column][\/vc_row]<\/p>\n","protected":false},"excerpt":{"rendered":"<p>[vc_row wrap_container=&#8221;yes&#8221;][vc_column][vc_empty_space][vc_column_text]bitumen Enamel is an oil-based bitumen obtained from the distillation of crude oil, which is aerated and oxidized in special reactors and modified with minerals so that it can function as a protective material against corrosion of steel pipes in the long term. This coverage is still considered as an option in transmission line [&hellip;]<\/p>\n","protected":false},"author":1,"featured_media":0,"parent":0,"menu_order":0,"comment_status":"closed","ping_status":"closed","template":"","meta":{"footnotes":""},"class_list":["post-1655","page","type-page","status-publish","hentry"],"yoast_head":"<!-- This site is optimized with the Yoast SEO plugin v23.4 - https:\/\/yoast.com\/wordpress\/plugins\/seo\/ -->\n<title>Bituminous pipe coating system - Varziran Company<\/title>\n<meta name=\"robots\" content=\"index, follow, max-snippet:-1, max-image-preview:large, max-video-preview:-1\" \/>\n<link rel=\"canonical\" href=\"https:\/\/varziran.com\/en\/bituminous-pipe-coating-system\/\" \/>\n<meta property=\"og:locale\" content=\"en_US\" \/>\n<meta property=\"og:type\" content=\"article\" \/>\n<meta property=\"og:title\" content=\"Bituminous pipe coating system - Varziran Company\" \/>\n<meta property=\"og:description\" content=\"[vc_row wrap_container=&#8221;yes&#8221;][vc_column][vc_empty_space][vc_column_text]bitumen Enamel is an oil-based bitumen obtained from the distillation of crude oil, which is aerated and oxidized in special reactors and modified with minerals so that it can function as a protective material against corrosion of steel pipes in the long term. This coverage is still considered as an option in transmission line [&hellip;]\" \/>\n<meta property=\"og:url\" content=\"https:\/\/varziran.com\/en\/bituminous-pipe-coating-system\/\" \/>\n<meta property=\"og:site_name\" content=\"Varziran Company\" \/>\n<meta property=\"article:modified_time\" content=\"2022-07-14T04:26:48+00:00\" \/>\n<meta name=\"twitter:card\" content=\"summary_large_image\" \/>\n<meta name=\"twitter:label1\" content=\"Est. reading time\" \/>\n\t<meta name=\"twitter:data1\" content=\"4 minutes\" \/>\n<script type=\"application\/ld+json\" class=\"yoast-schema-graph\">{\"@context\":\"https:\/\/schema.org\",\"@graph\":[{\"@type\":\"WebPage\",\"@id\":\"https:\/\/varziran.com\/en\/bituminous-pipe-coating-system\/\",\"url\":\"https:\/\/varziran.com\/en\/bituminous-pipe-coating-system\/\",\"name\":\"Bituminous pipe coating system - Varziran Company\",\"isPartOf\":{\"@id\":\"https:\/\/varziran.com\/en\/#website\"},\"datePublished\":\"2021-12-06T12:12:40+00:00\",\"dateModified\":\"2022-07-14T04:26:48+00:00\",\"breadcrumb\":{\"@id\":\"https:\/\/varziran.com\/en\/bituminous-pipe-coating-system\/#breadcrumb\"},\"inLanguage\":\"en-US\",\"potentialAction\":[{\"@type\":\"ReadAction\",\"target\":[\"https:\/\/varziran.com\/en\/bituminous-pipe-coating-system\/\"]}]},{\"@type\":\"BreadcrumbList\",\"@id\":\"https:\/\/varziran.com\/en\/bituminous-pipe-coating-system\/#breadcrumb\",\"itemListElement\":[{\"@type\":\"ListItem\",\"position\":1,\"name\":\"\u062e\u0627\u0646\u0647\",\"item\":\"https:\/\/varziran.com\/en\/\"},{\"@type\":\"ListItem\",\"position\":2,\"name\":\"Bituminous pipe coating system\"}]},{\"@type\":\"WebSite\",\"@id\":\"https:\/\/varziran.com\/en\/#website\",\"url\":\"https:\/\/varziran.com\/en\/\",\"name\":\"Varziran Company\",\"description\":\"\",\"publisher\":{\"@id\":\"https:\/\/varziran.com\/en\/#organization\"},\"potentialAction\":[{\"@type\":\"SearchAction\",\"target\":{\"@type\":\"EntryPoint\",\"urlTemplate\":\"https:\/\/varziran.com\/en\/?s={search_term_string}\"},\"query-input\":{\"@type\":\"PropertyValueSpecification\",\"valueRequired\":true,\"valueName\":\"search_term_string\"}}],\"inLanguage\":\"en-US\"},{\"@type\":\"Organization\",\"@id\":\"https:\/\/varziran.com\/en\/#organization\",\"name\":\"\u0648\u0631\u0632\u06cc\u0631\u0627\u0646\",\"url\":\"https:\/\/varziran.com\/en\/\",\"logo\":{\"@type\":\"ImageObject\",\"inLanguage\":\"en-US\",\"@id\":\"https:\/\/varziran.com\/en\/#\/schema\/logo\/image\/\",\"url\":\"https:\/\/varziran.com\/en\/wp-content\/uploads\/2021\/08\/Logo.png\",\"contentUrl\":\"https:\/\/varziran.com\/en\/wp-content\/uploads\/2021\/08\/Logo.png\",\"width\":100,\"height\":100,\"caption\":\"\u0648\u0631\u0632\u06cc\u0631\u0627\u0646\"},\"image\":{\"@id\":\"https:\/\/varziran.com\/en\/#\/schema\/logo\/image\/\"}}]}<\/script>\n<!-- \/ Yoast SEO plugin. -->","yoast_head_json":{"title":"Bituminous pipe coating system - Varziran Company","robots":{"index":"index","follow":"follow","max-snippet":"max-snippet:-1","max-image-preview":"max-image-preview:large","max-video-preview":"max-video-preview:-1"},"canonical":"https:\/\/varziran.com\/en\/bituminous-pipe-coating-system\/","og_locale":"en_US","og_type":"article","og_title":"Bituminous pipe coating system - Varziran Company","og_description":"[vc_row wrap_container=&#8221;yes&#8221;][vc_column][vc_empty_space][vc_column_text]bitumen Enamel is an oil-based bitumen obtained from the distillation of crude oil, which is aerated and oxidized in special reactors and modified with minerals so that it can function as a protective material against corrosion of steel pipes in the long term. This coverage is still considered as an option in transmission line [&hellip;]","og_url":"https:\/\/varziran.com\/en\/bituminous-pipe-coating-system\/","og_site_name":"Varziran Company","article_modified_time":"2022-07-14T04:26:48+00:00","twitter_card":"summary_large_image","twitter_misc":{"Est. reading time":"4 minutes"},"schema":{"@context":"https:\/\/schema.org","@graph":[{"@type":"WebPage","@id":"https:\/\/varziran.com\/en\/bituminous-pipe-coating-system\/","url":"https:\/\/varziran.com\/en\/bituminous-pipe-coating-system\/","name":"Bituminous pipe coating system - Varziran Company","isPartOf":{"@id":"https:\/\/varziran.com\/en\/#website"},"datePublished":"2021-12-06T12:12:40+00:00","dateModified":"2022-07-14T04:26:48+00:00","breadcrumb":{"@id":"https:\/\/varziran.com\/en\/bituminous-pipe-coating-system\/#breadcrumb"},"inLanguage":"en-US","potentialAction":[{"@type":"ReadAction","target":["https:\/\/varziran.com\/en\/bituminous-pipe-coating-system\/"]}]},{"@type":"BreadcrumbList","@id":"https:\/\/varziran.com\/en\/bituminous-pipe-coating-system\/#breadcrumb","itemListElement":[{"@type":"ListItem","position":1,"name":"\u062e\u0627\u0646\u0647","item":"https:\/\/varziran.com\/en\/"},{"@type":"ListItem","position":2,"name":"Bituminous pipe coating system"}]},{"@type":"WebSite","@id":"https:\/\/varziran.com\/en\/#website","url":"https:\/\/varziran.com\/en\/","name":"Varziran Company","description":"","publisher":{"@id":"https:\/\/varziran.com\/en\/#organization"},"potentialAction":[{"@type":"SearchAction","target":{"@type":"EntryPoint","urlTemplate":"https:\/\/varziran.com\/en\/?s={search_term_string}"},"query-input":{"@type":"PropertyValueSpecification","valueRequired":true,"valueName":"search_term_string"}}],"inLanguage":"en-US"},{"@type":"Organization","@id":"https:\/\/varziran.com\/en\/#organization","name":"\u0648\u0631\u0632\u06cc\u0631\u0627\u0646","url":"https:\/\/varziran.com\/en\/","logo":{"@type":"ImageObject","inLanguage":"en-US","@id":"https:\/\/varziran.com\/en\/#\/schema\/logo\/image\/","url":"https:\/\/varziran.com\/en\/wp-content\/uploads\/2021\/08\/Logo.png","contentUrl":"https:\/\/varziran.com\/en\/wp-content\/uploads\/2021\/08\/Logo.png","width":100,"height":100,"caption":"\u0648\u0631\u0632\u06cc\u0631\u0627\u0646"},"image":{"@id":"https:\/\/varziran.com\/en\/#\/schema\/logo\/image\/"}}]}},"_links":{"self":[{"href":"https:\/\/varziran.com\/en\/wp-json\/wp\/v2\/pages\/1655","targetHints":{"allow":["GET"]}}],"collection":[{"href":"https:\/\/varziran.com\/en\/wp-json\/wp\/v2\/pages"}],"about":[{"href":"https:\/\/varziran.com\/en\/wp-json\/wp\/v2\/types\/page"}],"author":[{"embeddable":true,"href":"https:\/\/varziran.com\/en\/wp-json\/wp\/v2\/users\/1"}],"replies":[{"embeddable":true,"href":"https:\/\/varziran.com\/en\/wp-json\/wp\/v2\/comments?post=1655"}],"version-history":[{"count":5,"href":"https:\/\/varziran.com\/en\/wp-json\/wp\/v2\/pages\/1655\/revisions"}],"predecessor-version":[{"id":1842,"href":"https:\/\/varziran.com\/en\/wp-json\/wp\/v2\/pages\/1655\/revisions\/1842"}],"wp:attachment":[{"href":"https:\/\/varziran.com\/en\/wp-json\/wp\/v2\/media?parent=1655"}],"curies":[{"name":"wp","href":"https:\/\/api.w.org\/{rel}","templated":true}]}}